{"id":941,"date":"2019-08-23T09:52:05","date_gmt":"2019-08-23T07:52:05","guid":{"rendered":"https:\/\/malaga.hammamalandalus.com\/carta-de-servicios\/"},"modified":"2025-12-09T16:14:55","modified_gmt":"2025-12-09T15:14:55","slug":"servicekarte-massagen-malaga","status":"publish","type":"page","link":"https:\/\/malaga.hammamalandalus.com\/de\/servicekarte-massagen-malaga\/","title":{"rendered":"Serviceangebot"},"content":{"rendered":"","protected":false},"excerpt":{"rendered":"","protected":false},"author":1,"featured_media":7829,"parent":0,"menu_order":2,"comment_status":"closed","ping_status":"closed","template":"views\/template-blocks.blade.php","meta":{"_acf_changed":false,"footnotes":""},"class_list":["post-941","page","type-page","status-publish","has-post-thumbnail","hentry"],"acf":[],"yoast_head":"\nSpa und Massagen in M\u00e1laga | Hammam Al \u00c1ndalus<\/title>\n<meta name=\"description\" content=\"Genie\u00dfe das Hammam-Erlebnis in unseren arabischen B\u00e4dern. F\u00fchle das Wasser und erlebe die besten Massagen in M\u00e1laga. Lass dein Wohlbefinden flie\u00dfen!\" \/>\n<meta name=\"robots\" content=\"index, follow, max-snippet:-1, max-image-preview:large, max-video-preview:-1\" \/>\n<link rel=\"canonical\" href=\"https:\/\/malaga.hammamalandalus.com\/de\/servicekarte-massagen-malaga\/\" \/>\n<meta property=\"og:locale\" content=\"de_DE\" \/>\n<meta property=\"og:type\" content=\"article\" \/>\n<meta property=\"og:title\" content=\"Spa und Massagen in M\u00e1laga | Hammam Al \u00c1ndalus\" \/>\n<meta property=\"og:description\" content=\"Genie\u00dfe das Hammam-Erlebnis in unseren arabischen B\u00e4dern. F\u00fchle das Wasser und erlebe die besten Massagen in M\u00e1laga. Lass dein Wohlbefinden flie\u00dfen!\" \/>\n<meta property=\"og:url\" content=\"https:\/\/malaga.hammamalandalus.com\/de\/servicekarte-massagen-malaga\/\" \/>\n<meta property=\"og:site_name\" content=\"Hammam M\u00e1laga\" \/>\n<meta property=\"article:modified_time\" content=\"2025-12-09T15:14:55+00:00\" \/>\n<meta property=\"og:image\" content=\"https:\/\/malaga.hammamalandalus.com\/wp-content\/uploads\/sites\/2\/2025\/01\/HAA_INVIERNO24_PROMO_1920x970px_02.jpg\" \/>\n\t<meta property=\"og:image:width\" content=\"1920\" \/>\n\t<meta property=\"og:image:height\" content=\"970\" \/>\n\t<meta property=\"og:image:type\" content=\"image\/jpeg\" \/>\n<meta name=\"twitter:card\" content=\"summary_large_image\" \/>\n<meta name=\"twitter:label1\" content=\"Gesch\u00e4tzte Lesezeit\" \/>\n\t<meta name=\"twitter:data1\" content=\"1\u00a0Minute\" \/>\n<script type=\"application\/ld+json\" class=\"yoast-schema-graph\">{\"@context\":\"https:\\\/\\\/schema.org\",\"@graph\":[{\"@type\":\"WebPage\",\"@id\":\"https:\\\/\\\/malaga.hammamalandalus.com\\\/de\\\/servicekarte-massagen-malaga\\\/\",\"url\":\"https:\\\/\\\/malaga.hammamalandalus.com\\\/de\\\/servicekarte-massagen-malaga\\\/\",\"name\":\"Spa und Massagen in M\u00e1laga | Hammam Al \u00c1ndalus\",\"isPartOf\":{\"@id\":\"https:\\\/\\\/malaga.hammamalandalus.com\\\/de\\\/#website\"},\"primaryImageOfPage\":{\"@id\":\"https:\\\/\\\/malaga.hammamalandalus.com\\\/de\\\/servicekarte-massagen-malaga\\\/#primaryimage\"},\"image\":{\"@id\":\"https:\\\/\\\/malaga.hammamalandalus.com\\\/de\\\/servicekarte-massagen-malaga\\\/#primaryimage\"},\"thumbnailUrl\":\"https:\\\/\\\/malaga.hammamalandalus.com\\\/wp-content\\\/uploads\\\/sites\\\/2\\\/2025\\\/01\\\/HAA_INVIERNO24_PROMO_1920x970px_02.jpg\",\"datePublished\":\"2019-08-23T07:52:05+00:00\",\"dateModified\":\"2025-12-09T15:14:55+00:00\",\"description\":\"Genie\u00dfe das Hammam-Erlebnis in unseren arabischen B\u00e4dern. F\u00fchle das Wasser und erlebe die besten Massagen in M\u00e1laga. Lass dein Wohlbefinden flie\u00dfen!\",\"breadcrumb\":{\"@id\":\"https:\\\/\\\/malaga.hammamalandalus.com\\\/de\\\/servicekarte-massagen-malaga\\\/#breadcrumb\"},\"inLanguage\":\"de\",\"potentialAction\":[{\"@type\":\"ReadAction\",\"target\":[\"https:\\\/\\\/malaga.hammamalandalus.com\\\/de\\\/servicekarte-massagen-malaga\\\/\"]}]},{\"@type\":\"ImageObject\",\"inLanguage\":\"de\",\"@id\":\"https:\\\/\\\/malaga.hammamalandalus.com\\\/de\\\/servicekarte-massagen-malaga\\\/#primaryimage\",\"url\":\"https:\\\/\\\/malaga.hammamalandalus.com\\\/wp-content\\\/uploads\\\/sites\\\/2\\\/2025\\\/01\\\/HAA_INVIERNO24_PROMO_1920x970px_02.jpg\",\"contentUrl\":\"https:\\\/\\\/malaga.hammamalandalus.com\\\/wp-content\\\/uploads\\\/sites\\\/2\\\/2025\\\/01\\\/HAA_INVIERNO24_PROMO_1920x970px_02.jpg\",\"width\":1920,\"height\":970},{\"@type\":\"BreadcrumbList\",\"@id\":\"https:\\\/\\\/malaga.hammamalandalus.com\\\/de\\\/servicekarte-massagen-malaga\\\/#breadcrumb\",\"itemListElement\":[{\"@type\":\"ListItem\",\"position\":1,\"name\":\"Portada\",\"item\":\"https:\\\/\\\/malaga.hammamalandalus.com\\\/de\\\/\"},{\"@type\":\"ListItem\",\"position\":2,\"name\":\"Serviceangebot\"}]},{\"@type\":\"WebSite\",\"@id\":\"https:\\\/\\\/malaga.hammamalandalus.com\\\/de\\\/#website\",\"url\":\"https:\\\/\\\/malaga.hammamalandalus.com\\\/de\\\/\",\"name\":\"Hammam M\u00e1laga\",\"description\":\"Plaza de la Merced en M\u00e1laga\",\"alternateName\":\"Hammam\",\"potentialAction\":[{\"@type\":\"SearchAction\",\"target\":{\"@type\":\"EntryPoint\",\"urlTemplate\":\"https:\\\/\\\/malaga.hammamalandalus.com\\\/de\\\/?s={search_term_string}\"},\"query-input\":{\"@type\":\"PropertyValueSpecification\",\"valueRequired\":true,\"valueName\":\"search_term_string\"}}],\"inLanguage\":\"de\"}]}<\/script>\n<!-- \/ Yoast SEO plugin. -->","yoast_head_json":{"title":"Spa und Massagen in M\u00e1laga | Hammam Al \u00c1ndalus","description":"Genie\u00dfe das Hammam-Erlebnis in unseren arabischen B\u00e4dern. F\u00fchle das Wasser und erlebe die besten Massagen in M\u00e1laga. Lass dein Wohlbefinden flie\u00dfen!","robots":{"index":"index","follow":"follow","max-snippet":"max-snippet:-1","max-image-preview":"max-image-preview:large","max-video-preview":"max-video-preview:-1"},"canonical":"https:\/\/malaga.hammamalandalus.com\/de\/servicekarte-massagen-malaga\/","og_locale":"de_DE","og_type":"article","og_title":"Spa und Massagen in M\u00e1laga | Hammam Al \u00c1ndalus","og_description":"Genie\u00dfe das Hammam-Erlebnis in unseren arabischen B\u00e4dern. F\u00fchle das Wasser und erlebe die besten Massagen in M\u00e1laga. Lass dein Wohlbefinden flie\u00dfen!","og_url":"https:\/\/malaga.hammamalandalus.com\/de\/servicekarte-massagen-malaga\/","og_site_name":"Hammam M\u00e1laga","article_modified_time":"2025-12-09T15:14:55+00:00","og_image":[{"width":1920,"height":970,"url":"https:\/\/malaga.hammamalandalus.com\/wp-content\/uploads\/sites\/2\/2025\/01\/HAA_INVIERNO24_PROMO_1920x970px_02.jpg","type":"image\/jpeg"}],"twitter_card":"summary_large_image","twitter_misc":{"Gesch\u00e4tzte Lesezeit":"1\u00a0Minute"},"schema":{"@context":"https:\/\/schema.org","@graph":[{"@type":"WebPage","@id":"https:\/\/malaga.hammamalandalus.com\/de\/servicekarte-massagen-malaga\/","url":"https:\/\/malaga.hammamalandalus.com\/de\/servicekarte-massagen-malaga\/","name":"Spa und Massagen in M\u00e1laga | Hammam Al \u00c1ndalus","isPartOf":{"@id":"https:\/\/malaga.hammamalandalus.com\/de\/#website"},"primaryImageOfPage":{"@id":"https:\/\/malaga.hammamalandalus.com\/de\/servicekarte-massagen-malaga\/#primaryimage"},"image":{"@id":"https:\/\/malaga.hammamalandalus.com\/de\/servicekarte-massagen-malaga\/#primaryimage"},"thumbnailUrl":"https:\/\/malaga.hammamalandalus.com\/wp-content\/uploads\/sites\/2\/2025\/01\/HAA_INVIERNO24_PROMO_1920x970px_02.jpg","datePublished":"2019-08-23T07:52:05+00:00","dateModified":"2025-12-09T15:14:55+00:00","description":"Genie\u00dfe das Hammam-Erlebnis in unseren arabischen B\u00e4dern. F\u00fchle das Wasser und erlebe die besten Massagen in M\u00e1laga. Lass dein Wohlbefinden flie\u00dfen!","breadcrumb":{"@id":"https:\/\/malaga.hammamalandalus.com\/de\/servicekarte-massagen-malaga\/#breadcrumb"},"inLanguage":"de","potentialAction":[{"@type":"ReadAction","target":["https:\/\/malaga.hammamalandalus.com\/de\/servicekarte-massagen-malaga\/"]}]},{"@type":"ImageObject","inLanguage":"de","@id":"https:\/\/malaga.hammamalandalus.com\/de\/servicekarte-massagen-malaga\/#primaryimage","url":"https:\/\/malaga.hammamalandalus.com\/wp-content\/uploads\/sites\/2\/2025\/01\/HAA_INVIERNO24_PROMO_1920x970px_02.jpg","contentUrl":"https:\/\/malaga.hammamalandalus.com\/wp-content\/uploads\/sites\/2\/2025\/01\/HAA_INVIERNO24_PROMO_1920x970px_02.jpg","width":1920,"height":970},{"@type":"BreadcrumbList","@id":"https:\/\/malaga.hammamalandalus.com\/de\/servicekarte-massagen-malaga\/#breadcrumb","itemListElement":[{"@type":"ListItem","position":1,"name":"Portada","item":"https:\/\/malaga.hammamalandalus.com\/de\/"},{"@type":"ListItem","position":2,"name":"Serviceangebot"}]},{"@type":"WebSite","@id":"https:\/\/malaga.hammamalandalus.com\/de\/#website","url":"https:\/\/malaga.hammamalandalus.com\/de\/","name":"Hammam M\u00e1laga","description":"Plaza de la Merced en M\u00e1laga","alternateName":"Hammam","potentialAction":[{"@type":"SearchAction","target":{"@type":"EntryPoint","urlTemplate":"https:\/\/malaga.hammamalandalus.com\/de\/?s={search_term_string}"},"query-input":{"@type":"PropertyValueSpecification","valueRequired":true,"valueName":"search_term_string"}}],"inLanguage":"de"}]}},"publishpress_future_action":{"enabled":false,"date":"2026-04-19 19:42:00","action":"change-status","newStatus":"draft","terms":[],"taxonomy":"translation_priority","extraData":[]},"publishpress_future_workflow_manual_trigger":{"enabledWorkflows":[]},"_links":{"self":[{"href":"https:\/\/malaga.hammamalandalus.com\/de\/wp-json\/wp\/v2\/pages\/941","targetHints":{"allow":["GET"]}}],"collection":[{"href":"https:\/\/malaga.hammamalandalus.com\/de\/wp-json\/wp\/v2\/pages"}],"about":[{"href":"https:\/\/malaga.hammamalandalus.com\/de\/wp-json\/wp\/v2\/types\/page"}],"author":[{"embeddable":true,"href":"https:\/\/malaga.hammamalandalus.com\/de\/wp-json\/wp\/v2\/users\/1"}],"replies":[{"embeddable":true,"href":"https:\/\/malaga.hammamalandalus.com\/de\/wp-json\/wp\/v2\/comments?post=941"}],"version-history":[{"count":6,"href":"https:\/\/malaga.hammamalandalus.com\/de\/wp-json\/wp\/v2\/pages\/941\/revisions"}],"predecessor-version":[{"id":9679,"href":"https:\/\/malaga.hammamalandalus.com\/de\/wp-json\/wp\/v2\/pages\/941\/revisions\/9679"}],"wp:featuredmedia":[{"embeddable":true,"href":"https:\/\/malaga.hammamalandalus.com\/de\/wp-json\/wp\/v2\/media\/7829"}],"wp:attachment":[{"href":"https:\/\/malaga.hammamalandalus.com\/de\/wp-json\/wp\/v2\/media?parent=941"}],"curies":[{"name":"wp","href":"https:\/\/api.w.org\/{rel}","templated":true}]}}