{"id":4564,"date":"2022-07-11T20:01:12","date_gmt":"2022-07-11T18:01:12","guid":{"rendered":"https:\/\/malaga.hammamalandalus.com\/?page_id=4564"},"modified":"2026-03-18T16:27:05","modified_gmt":"2026-03-18T15:27:05","slug":"bayyah-bains-arabes-malaga","status":"publish","type":"page","link":"https:\/\/malaga.hammamalandalus.com\/fr\/carte-des-services-massages-malaga\/bayyah-bains-arabes-malaga\/","title":{"rendered":"BAYYAH"},"content":{"rendered":"","protected":false},"excerpt":{"rendered":"","protected":false},"author":6,"featured_media":0,"parent":940,"menu_order":5,"comment_status":"closed","ping_status":"closed","template":"views\/template-blocks.blade.php","meta":{"_acf_changed":false,"footnotes":""},"class_list":["post-4564","page","type-page","status-publish","hentry"],"acf":[],"yoast_head":"\nD\u00e9tendez-vous avec Bayyah 30: bains arabes \u00e0 M\u00e1laga<\/title>\n<meta name=\"description\" content=\"Le service Bayyah 30 combine le Voyage de l'Eau avec des \u00e9tirements. Relaxation et bien-\u00eatre pour le corps et l\u2019esprit. Venez vous renouveler chez nous!\" \/>\n<meta name=\"robots\" content=\"index, follow, max-snippet:-1, max-image-preview:large, max-video-preview:-1\" \/>\n<link rel=\"canonical\" href=\"https:\/\/malaga.hammamalandalus.com\/fr\/carte-des-services-massages-malaga\/bayyah-bains-arabes-malaga\/\" \/>\n<meta property=\"og:locale\" content=\"fr_FR\" \/>\n<meta property=\"og:type\" content=\"article\" \/>\n<meta property=\"og:title\" content=\"D\u00e9tendez-vous avec Bayyah 30: bains arabes \u00e0 M\u00e1laga\" \/>\n<meta property=\"og:description\" content=\"Le service Bayyah 30 combine le Voyage de l'Eau avec des \u00e9tirements. Relaxation et bien-\u00eatre pour le corps et l\u2019esprit. Venez vous renouveler chez nous!\" \/>\n<meta property=\"og:url\" content=\"https:\/\/malaga.hammamalandalus.com\/fr\/carte-des-services-massages-malaga\/bayyah-bains-arabes-malaga\/\" \/>\n<meta property=\"og:site_name\" content=\"Hammam M\u00e1laga\" \/>\n<meta property=\"article:modified_time\" content=\"2026-03-18T15:27:05+00:00\" \/>\n<meta name=\"twitter:card\" content=\"summary_large_image\" \/>\n<script type=\"application\/ld+json\" class=\"yoast-schema-graph\">{\"@context\":\"https:\\\/\\\/schema.org\",\"@graph\":[{\"@type\":\"WebPage\",\"@id\":\"https:\\\/\\\/malaga.hammamalandalus.com\\\/fr\\\/carte-des-services-massages-malaga\\\/bayyah-bains-arabes-malaga\\\/\",\"url\":\"https:\\\/\\\/malaga.hammamalandalus.com\\\/fr\\\/carte-des-services-massages-malaga\\\/bayyah-bains-arabes-malaga\\\/\",\"name\":\"D\u00e9tendez-vous avec Bayyah 30: bains arabes \u00e0 M\u00e1laga\",\"isPartOf\":{\"@id\":\"https:\\\/\\\/malaga.hammamalandalus.com\\\/fr\\\/#website\"},\"datePublished\":\"2022-07-11T18:01:12+00:00\",\"dateModified\":\"2026-03-18T15:27:05+00:00\",\"description\":\"Le service Bayyah 30 combine le Voyage de l'Eau avec des \u00e9tirements. Relaxation et bien-\u00eatre pour le corps et l\u2019esprit. Venez vous renouveler chez nous!\",\"breadcrumb\":{\"@id\":\"https:\\\/\\\/malaga.hammamalandalus.com\\\/fr\\\/carte-des-services-massages-malaga\\\/bayyah-bains-arabes-malaga\\\/#breadcrumb\"},\"inLanguage\":\"fr-FR\",\"potentialAction\":[{\"@type\":\"ReadAction\",\"target\":[\"https:\\\/\\\/malaga.hammamalandalus.com\\\/fr\\\/carte-des-services-massages-malaga\\\/bayyah-bains-arabes-malaga\\\/\"]}]},{\"@type\":\"BreadcrumbList\",\"@id\":\"https:\\\/\\\/malaga.hammamalandalus.com\\\/fr\\\/carte-des-services-massages-malaga\\\/bayyah-bains-arabes-malaga\\\/#breadcrumb\",\"itemListElement\":[{\"@type\":\"ListItem\",\"position\":1,\"name\":\"Portada\",\"item\":\"https:\\\/\\\/malaga.hammamalandalus.com\\\/fr\\\/\"},{\"@type\":\"ListItem\",\"position\":2,\"name\":\"Carte des services\",\"item\":\"https:\\\/\\\/malaga.hammamalandalus.com\\\/fr\\\/carte-des-services-massages-malaga\\\/\"},{\"@type\":\"ListItem\",\"position\":3,\"name\":\"BAYYAH\"}]},{\"@type\":\"WebSite\",\"@id\":\"https:\\\/\\\/malaga.hammamalandalus.com\\\/fr\\\/#website\",\"url\":\"https:\\\/\\\/malaga.hammamalandalus.com\\\/fr\\\/\",\"name\":\"Hammam M\u00e1laga\",\"description\":\"Plaza de la Merced en M\u00e1laga\",\"alternateName\":\"Hammam\",\"potentialAction\":[{\"@type\":\"SearchAction\",\"target\":{\"@type\":\"EntryPoint\",\"urlTemplate\":\"https:\\\/\\\/malaga.hammamalandalus.com\\\/fr\\\/?s={search_term_string}\"},\"query-input\":{\"@type\":\"PropertyValueSpecification\",\"valueRequired\":true,\"valueName\":\"search_term_string\"}}],\"inLanguage\":\"fr-FR\"}]}<\/script>\n<!-- \/ Yoast SEO plugin. -->","yoast_head_json":{"title":"D\u00e9tendez-vous avec Bayyah 30: bains arabes \u00e0 M\u00e1laga","description":"Le service Bayyah 30 combine le Voyage de l'Eau avec des \u00e9tirements. Relaxation et bien-\u00eatre pour le corps et l\u2019esprit. Venez vous renouveler chez nous!","robots":{"index":"index","follow":"follow","max-snippet":"max-snippet:-1","max-image-preview":"max-image-preview:large","max-video-preview":"max-video-preview:-1"},"canonical":"https:\/\/malaga.hammamalandalus.com\/fr\/carte-des-services-massages-malaga\/bayyah-bains-arabes-malaga\/","og_locale":"fr_FR","og_type":"article","og_title":"D\u00e9tendez-vous avec Bayyah 30: bains arabes \u00e0 M\u00e1laga","og_description":"Le service Bayyah 30 combine le Voyage de l'Eau avec des \u00e9tirements. Relaxation et bien-\u00eatre pour le corps et l\u2019esprit. Venez vous renouveler chez nous!","og_url":"https:\/\/malaga.hammamalandalus.com\/fr\/carte-des-services-massages-malaga\/bayyah-bains-arabes-malaga\/","og_site_name":"Hammam M\u00e1laga","article_modified_time":"2026-03-18T15:27:05+00:00","twitter_card":"summary_large_image","schema":{"@context":"https:\/\/schema.org","@graph":[{"@type":"WebPage","@id":"https:\/\/malaga.hammamalandalus.com\/fr\/carte-des-services-massages-malaga\/bayyah-bains-arabes-malaga\/","url":"https:\/\/malaga.hammamalandalus.com\/fr\/carte-des-services-massages-malaga\/bayyah-bains-arabes-malaga\/","name":"D\u00e9tendez-vous avec Bayyah 30: bains arabes \u00e0 M\u00e1laga","isPartOf":{"@id":"https:\/\/malaga.hammamalandalus.com\/fr\/#website"},"datePublished":"2022-07-11T18:01:12+00:00","dateModified":"2026-03-18T15:27:05+00:00","description":"Le service Bayyah 30 combine le Voyage de l'Eau avec des \u00e9tirements. Relaxation et bien-\u00eatre pour le corps et l\u2019esprit. Venez vous renouveler chez nous!","breadcrumb":{"@id":"https:\/\/malaga.hammamalandalus.com\/fr\/carte-des-services-massages-malaga\/bayyah-bains-arabes-malaga\/#breadcrumb"},"inLanguage":"fr-FR","potentialAction":[{"@type":"ReadAction","target":["https:\/\/malaga.hammamalandalus.com\/fr\/carte-des-services-massages-malaga\/bayyah-bains-arabes-malaga\/"]}]},{"@type":"BreadcrumbList","@id":"https:\/\/malaga.hammamalandalus.com\/fr\/carte-des-services-massages-malaga\/bayyah-bains-arabes-malaga\/#breadcrumb","itemListElement":[{"@type":"ListItem","position":1,"name":"Portada","item":"https:\/\/malaga.hammamalandalus.com\/fr\/"},{"@type":"ListItem","position":2,"name":"Carte des services","item":"https:\/\/malaga.hammamalandalus.com\/fr\/carte-des-services-massages-malaga\/"},{"@type":"ListItem","position":3,"name":"BAYYAH"}]},{"@type":"WebSite","@id":"https:\/\/malaga.hammamalandalus.com\/fr\/#website","url":"https:\/\/malaga.hammamalandalus.com\/fr\/","name":"Hammam M\u00e1laga","description":"Plaza de la Merced en M\u00e1laga","alternateName":"Hammam","potentialAction":[{"@type":"SearchAction","target":{"@type":"EntryPoint","urlTemplate":"https:\/\/malaga.hammamalandalus.com\/fr\/?s={search_term_string}"},"query-input":{"@type":"PropertyValueSpecification","valueRequired":true,"valueName":"search_term_string"}}],"inLanguage":"fr-FR"}]}},"publishpress_future_action":{"enabled":false,"date":"2026-04-12 23:35:40","action":"change-status","newStatus":"draft","terms":[],"taxonomy":"translation_priority","extraData":[]},"publishpress_future_workflow_manual_trigger":{"enabledWorkflows":[]},"_links":{"self":[{"href":"https:\/\/malaga.hammamalandalus.com\/fr\/wp-json\/wp\/v2\/pages\/4564","targetHints":{"allow":["GET"]}}],"collection":[{"href":"https:\/\/malaga.hammamalandalus.com\/fr\/wp-json\/wp\/v2\/pages"}],"about":[{"href":"https:\/\/malaga.hammamalandalus.com\/fr\/wp-json\/wp\/v2\/types\/page"}],"author":[{"embeddable":true,"href":"https:\/\/malaga.hammamalandalus.com\/fr\/wp-json\/wp\/v2\/users\/6"}],"replies":[{"embeddable":true,"href":"https:\/\/malaga.hammamalandalus.com\/fr\/wp-json\/wp\/v2\/comments?post=4564"}],"version-history":[{"count":3,"href":"https:\/\/malaga.hammamalandalus.com\/fr\/wp-json\/wp\/v2\/pages\/4564\/revisions"}],"predecessor-version":[{"id":10074,"href":"https:\/\/malaga.hammamalandalus.com\/fr\/wp-json\/wp\/v2\/pages\/4564\/revisions\/10074"}],"up":[{"embeddable":true,"href":"https:\/\/malaga.hammamalandalus.com\/fr\/wp-json\/wp\/v2\/pages\/940"}],"wp:attachment":[{"href":"https:\/\/malaga.hammamalandalus.com\/fr\/wp-json\/wp\/v2\/media?parent=4564"}],"curies":[{"name":"wp","href":"https:\/\/api.w.org\/{rel}","templated":true}]}}